{"id":594,"date":"2024-10-21T08:55:48","date_gmt":"2024-10-21T06:55:48","guid":{"rendered":"https:\/\/likuhas.cz\/?page_id=594"},"modified":"2025-02-18T08:28:01","modified_gmt":"2025-02-18T07:28:01","slug":"installation-example","status":"publish","type":"page","link":"https:\/\/likuhas.cz\/en\/installation-example\/","title":{"rendered":"Installation example"},"content":{"rendered":"<div class=\"fusion-fullwidth fullwidth-box fusion-builder-row-1 fusion-flex-container nonhundred-percent-fullwidth non-hundred-percent-height-scrolling\" style=\"--awb-border-radius-top-left:0px;--awb-border-radius-top-right:0px;--awb-border-radius-bottom-right:0px;--awb-border-radius-bottom-left:0px;--awb-flex-wrap:wrap;\" ><div class=\"fusion-builder-row fusion-row fusion-flex-align-items-flex-start fusion-flex-content-wrap\" style=\"max-width:1456px;margin-left: calc(-4% \/ 2 );margin-right: calc(-4% \/ 2 );\"><div class=\"fusion-layout-column fusion_builder_column fusion-builder-column-0 fusion_builder_column_1_1 1_1 fusion-flex-column\" style=\"--awb-bg-size:cover;--awb-width-large:100%;--awb-margin-top-large:0px;--awb-spacing-right-large:1.92%;--awb-margin-bottom-large:20px;--awb-spacing-left-large:1.92%;--awb-width-medium:100%;--awb-order-medium:0;--awb-spacing-right-medium:1.92%;--awb-spacing-left-medium:1.92%;--awb-width-small:100%;--awb-order-small:0;--awb-spacing-right-small:1.92%;--awb-spacing-left-small:1.92%;\"><div class=\"fusion-column-wrapper fusion-column-has-shadow fusion-flex-justify-content-flex-start fusion-content-layout-column\"><div class=\"awb-gallery-wrapper awb-gallery-wrapper-1 button-span-no\"><div style=\"margin:-5px;--awb-bordersize:10px;\" class=\"fusion-gallery fusion-gallery-container fusion-grid-4 fusion-columns-total-7 fusion-gallery-layout-grid fusion-gallery-1\"><div style=\"padding:5px;\" class=\"fusion-grid-column fusion-gallery-column fusion-gallery-column-4 hover-type-none\"><div class=\"fusion-gallery-image\"><a href=\"https:\/\/likuhas.cz\/wp-content\/uploads\/2021\/12\/Na-Drac\u030cka\u0301ch-etapa-II_sestava-roh-s-krytem-scaled-e1641896046165.jpeg\" rel=\"noreferrer\" data-rel=\"iLightbox[gallery_image_1]\" class=\"fusion-lightbox\" target=\"_self\"><img decoding=\"async\" src=\"https:\/\/likuhas.cz\/wp-content\/uploads\/2021\/12\/Na-Drac\u030cka\u0301ch-etapa-II_sestava-roh-s-krytem-scaled-e1641896046165.jpeg\" width=\"1798\" height=\"2560\" alt=\"\" title=\"Na Drac\u030cka\u0301ch etapa II_sestava roh s&nbsp;krytem\" aria-label=\"Na Drac\u030cka\u0301ch etapa II_sestava roh s&nbsp;krytem\" class=\"img-responsive wp-image-364\" srcset=\"https:\/\/likuhas.cz\/wp-content\/uploads\/2021\/12\/Na-Drac\u030cka\u0301ch-etapa-II_sestava-roh-s-krytem-scaled-e1641896046165-200x285.jpeg 200w, https:\/\/likuhas.cz\/wp-content\/uploads\/2021\/12\/Na-Drac\u030cka\u0301ch-etapa-II_sestava-roh-s-krytem-scaled-e1641896046165-400x570.jpeg 400w, https:\/\/likuhas.cz\/wp-content\/uploads\/2021\/12\/Na-Drac\u030cka\u0301ch-etapa-II_sestava-roh-s-krytem-scaled-e1641896046165-600x854.jpeg 600w, https:\/\/likuhas.cz\/wp-content\/uploads\/2021\/12\/Na-Drac\u030cka\u0301ch-etapa-II_sestava-roh-s-krytem-scaled-e1641896046165-800x1139.jpeg 800w, https:\/\/likuhas.cz\/wp-content\/uploads\/2021\/12\/Na-Drac\u030cka\u0301ch-etapa-II_sestava-roh-s-krytem-scaled-e1641896046165-1200x1709.jpeg 1200w, https:\/\/likuhas.cz\/wp-content\/uploads\/2021\/12\/Na-Drac\u030cka\u0301ch-etapa-II_sestava-roh-s-krytem-scaled-e1641896046165.jpeg 1798w\" sizes=\"(min-width: 2200px) 100vw, (min-width: 856px) 346px, (min-width: 784px) 462px, (min-width: 712px) 693px, (min-width: 640px) 712px, \" \/><\/a><\/div><\/div><div style=\"padding:5px;\" class=\"fusion-grid-column fusion-gallery-column fusion-gallery-column-4 hover-type-none\"><div class=\"fusion-gallery-image\"><a href=\"https:\/\/likuhas.cz\/wp-content\/uploads\/2021\/12\/Na-Drac\u030cka\u0301ch-etapa-II_sestava-roh-bez-krytu-scaled.jpg\" rel=\"noreferrer\" data-rel=\"iLightbox[gallery_image_1]\" class=\"fusion-lightbox\" target=\"_self\"><img decoding=\"async\" src=\"https:\/\/likuhas.cz\/wp-content\/uploads\/2021\/12\/Na-Drac\u030cka\u0301ch-etapa-II_sestava-roh-bez-krytu-scaled.jpg\" width=\"2560\" height=\"1920\" alt=\"\" title=\"Na Drac\u030cka\u0301ch etapa II_sestava roh bez krytu\" aria-label=\"Na Drac\u030cka\u0301ch etapa II_sestava roh bez krytu\" class=\"img-responsive wp-image-365\" srcset=\"https:\/\/likuhas.cz\/wp-content\/uploads\/2021\/12\/Na-Drac\u030cka\u0301ch-etapa-II_sestava-roh-bez-krytu-200x150.jpg 200w, https:\/\/likuhas.cz\/wp-content\/uploads\/2021\/12\/Na-Drac\u030cka\u0301ch-etapa-II_sestava-roh-bez-krytu-400x300.jpg 400w, https:\/\/likuhas.cz\/wp-content\/uploads\/2021\/12\/Na-Drac\u030cka\u0301ch-etapa-II_sestava-roh-bez-krytu-600x450.jpg 600w, https:\/\/likuhas.cz\/wp-content\/uploads\/2021\/12\/Na-Drac\u030cka\u0301ch-etapa-II_sestava-roh-bez-krytu-800x600.jpg 800w, https:\/\/likuhas.cz\/wp-content\/uploads\/2021\/12\/Na-Drac\u030cka\u0301ch-etapa-II_sestava-roh-bez-krytu-1200x900.jpg 1200w, https:\/\/likuhas.cz\/wp-content\/uploads\/2021\/12\/Na-Drac\u030cka\u0301ch-etapa-II_sestava-roh-bez-krytu-scaled.jpg 2560w\" sizes=\"(min-width: 2200px) 100vw, (min-width: 856px) 346px, (min-width: 784px) 462px, (min-width: 712px) 693px, (min-width: 640px) 712px, \" \/><\/a><\/div><\/div><div style=\"padding:5px;\" class=\"fusion-grid-column fusion-gallery-column fusion-gallery-column-4 hover-type-none\"><div class=\"fusion-gallery-image\"><a href=\"https:\/\/likuhas.cz\/wp-content\/uploads\/2021\/12\/047E0760-8BEE-42E8-B161-A11A7F558D7E-scaled.jpeg\" rel=\"noreferrer\" data-rel=\"iLightbox[gallery_image_1]\" class=\"fusion-lightbox\" target=\"_self\"><img decoding=\"async\" src=\"https:\/\/likuhas.cz\/wp-content\/uploads\/2021\/12\/047E0760-8BEE-42E8-B161-A11A7F558D7E-scaled.jpeg\" width=\"2560\" height=\"1920\" alt=\"\" title=\"047E0760-8BEE-42E8-B161-A11A7F558D7E\" aria-label=\"047E0760-8BEE-42E8-B161-A11A7F558D7E\" class=\"img-responsive wp-image-338\" srcset=\"https:\/\/likuhas.cz\/wp-content\/uploads\/2021\/12\/047E0760-8BEE-42E8-B161-A11A7F558D7E-200x150.jpeg 200w, https:\/\/likuhas.cz\/wp-content\/uploads\/2021\/12\/047E0760-8BEE-42E8-B161-A11A7F558D7E-400x300.jpeg 400w, https:\/\/likuhas.cz\/wp-content\/uploads\/2021\/12\/047E0760-8BEE-42E8-B161-A11A7F558D7E-600x450.jpeg 600w, https:\/\/likuhas.cz\/wp-content\/uploads\/2021\/12\/047E0760-8BEE-42E8-B161-A11A7F558D7E-800x600.jpeg 800w, https:\/\/likuhas.cz\/wp-content\/uploads\/2021\/12\/047E0760-8BEE-42E8-B161-A11A7F558D7E-1200x900.jpeg 1200w, https:\/\/likuhas.cz\/wp-content\/uploads\/2021\/12\/047E0760-8BEE-42E8-B161-A11A7F558D7E-scaled.jpeg 2560w\" sizes=\"(min-width: 2200px) 100vw, (min-width: 856px) 346px, (min-width: 784px) 462px, (min-width: 712px) 693px, (min-width: 640px) 712px, \" \/><\/a><\/div><\/div><div style=\"padding:5px;\" class=\"fusion-grid-column fusion-gallery-column fusion-gallery-column-4 hover-type-none\"><div class=\"fusion-gallery-image\"><a href=\"https:\/\/likuhas.cz\/wp-content\/uploads\/2021\/12\/Na-Drac\u030cka\u0301ch-etapa-II_600x304-sestava-bez-krytu-scaled.jpg\" rel=\"noreferrer\" data-rel=\"iLightbox[gallery_image_1]\" class=\"fusion-lightbox\" target=\"_self\"><img decoding=\"async\" src=\"https:\/\/likuhas.cz\/wp-content\/uploads\/2021\/12\/Na-Drac\u030cka\u0301ch-etapa-II_600x304-sestava-bez-krytu-scaled.jpg\" width=\"2560\" height=\"1920\" alt=\"\" title=\"Na Drac\u030cka\u0301ch etapa II_600x304 sestava bez krytu\" aria-label=\"Na Drac\u030cka\u0301ch etapa II_600x304 sestava bez krytu\" class=\"img-responsive wp-image-366\" srcset=\"https:\/\/likuhas.cz\/wp-content\/uploads\/2021\/12\/Na-Drac\u030cka\u0301ch-etapa-II_600x304-sestava-bez-krytu-200x150.jpg 200w, https:\/\/likuhas.cz\/wp-content\/uploads\/2021\/12\/Na-Drac\u030cka\u0301ch-etapa-II_600x304-sestava-bez-krytu-400x300.jpg 400w, https:\/\/likuhas.cz\/wp-content\/uploads\/2021\/12\/Na-Drac\u030cka\u0301ch-etapa-II_600x304-sestava-bez-krytu-600x450.jpg 600w, https:\/\/likuhas.cz\/wp-content\/uploads\/2021\/12\/Na-Drac\u030cka\u0301ch-etapa-II_600x304-sestava-bez-krytu-800x600.jpg 800w, https:\/\/likuhas.cz\/wp-content\/uploads\/2021\/12\/Na-Drac\u030cka\u0301ch-etapa-II_600x304-sestava-bez-krytu-1200x900.jpg 1200w, https:\/\/likuhas.cz\/wp-content\/uploads\/2021\/12\/Na-Drac\u030cka\u0301ch-etapa-II_600x304-sestava-bez-krytu-scaled.jpg 2560w\" sizes=\"(min-width: 2200px) 100vw, (min-width: 856px) 346px, (min-width: 784px) 462px, (min-width: 712px) 693px, (min-width: 640px) 712px, \" \/><\/a><\/div><\/div><div class=\"clearfix\"><\/div><div style=\"padding:5px;\" class=\"fusion-grid-column fusion-gallery-column fusion-gallery-column-4 hover-type-none\"><div class=\"fusion-gallery-image\"><a href=\"https:\/\/likuhas.cz\/wp-content\/uploads\/2022\/01\/Na-Drac\u030cka\u0301ch-etapa-II_300x205-detail-nad-dver\u030cmi-s-krytem-scaled.jpeg\" rel=\"noreferrer\" data-rel=\"iLightbox[gallery_image_1]\" class=\"fusion-lightbox\" target=\"_self\"><img decoding=\"async\" src=\"https:\/\/likuhas.cz\/wp-content\/uploads\/2022\/01\/Na-Drac\u030cka\u0301ch-etapa-II_300x205-detail-nad-dver\u030cmi-s-krytem-scaled.jpeg\" width=\"1920\" height=\"2560\" alt=\"\" title=\"Na Drac\u030cka\u0301ch etapa II_300x205 detail nad dver\u030cmi s&nbsp;krytem\" aria-label=\"Na Drac\u030cka\u0301ch etapa II_300x205 detail nad dver\u030cmi s&nbsp;krytem\" class=\"img-responsive wp-image-385\" srcset=\"https:\/\/likuhas.cz\/wp-content\/uploads\/2022\/01\/Na-Drac\u030cka\u0301ch-etapa-II_300x205-detail-nad-dver\u030cmi-s-krytem-200x267.jpeg 200w, https:\/\/likuhas.cz\/wp-content\/uploads\/2022\/01\/Na-Drac\u030cka\u0301ch-etapa-II_300x205-detail-nad-dver\u030cmi-s-krytem-400x533.jpeg 400w, https:\/\/likuhas.cz\/wp-content\/uploads\/2022\/01\/Na-Drac\u030cka\u0301ch-etapa-II_300x205-detail-nad-dver\u030cmi-s-krytem-600x800.jpeg 600w, https:\/\/likuhas.cz\/wp-content\/uploads\/2022\/01\/Na-Drac\u030cka\u0301ch-etapa-II_300x205-detail-nad-dver\u030cmi-s-krytem-800x1067.jpeg 800w, https:\/\/likuhas.cz\/wp-content\/uploads\/2022\/01\/Na-Drac\u030cka\u0301ch-etapa-II_300x205-detail-nad-dver\u030cmi-s-krytem-1200x1600.jpeg 1200w, https:\/\/likuhas.cz\/wp-content\/uploads\/2022\/01\/Na-Drac\u030cka\u0301ch-etapa-II_300x205-detail-nad-dver\u030cmi-s-krytem-scaled.jpeg 1920w\" sizes=\"(min-width: 2200px) 100vw, (min-width: 856px) 346px, (min-width: 784px) 462px, (min-width: 712px) 693px, (min-width: 640px) 712px, \" \/><\/a><\/div><\/div><div style=\"padding:5px;\" class=\"fusion-grid-column fusion-gallery-column fusion-gallery-column-4 hover-type-none\"><div class=\"fusion-gallery-image\"><a href=\"https:\/\/likuhas.cz\/wp-content\/uploads\/2021\/12\/Na-Drac\u030cka\u0301ch-etapa-II_300x205-bez-krytu-scaled.jpg\" rel=\"noreferrer\" data-rel=\"iLightbox[gallery_image_1]\" class=\"fusion-lightbox\" target=\"_self\"><img decoding=\"async\" src=\"https:\/\/likuhas.cz\/wp-content\/uploads\/2021\/12\/Na-Drac\u030cka\u0301ch-etapa-II_300x205-bez-krytu-scaled.jpg\" width=\"1920\" height=\"2560\" alt=\"\" title=\"Na Drac\u030cka\u0301ch etapa II_300x205 bez krytu\" aria-label=\"Na Drac\u030cka\u0301ch etapa II_300x205 bez krytu\" class=\"img-responsive wp-image-369\" srcset=\"https:\/\/likuhas.cz\/wp-content\/uploads\/2021\/12\/Na-Drac\u030cka\u0301ch-etapa-II_300x205-bez-krytu-200x267.jpg 200w, https:\/\/likuhas.cz\/wp-content\/uploads\/2021\/12\/Na-Drac\u030cka\u0301ch-etapa-II_300x205-bez-krytu-400x533.jpg 400w, https:\/\/likuhas.cz\/wp-content\/uploads\/2021\/12\/Na-Drac\u030cka\u0301ch-etapa-II_300x205-bez-krytu-600x800.jpg 600w, https:\/\/likuhas.cz\/wp-content\/uploads\/2021\/12\/Na-Drac\u030cka\u0301ch-etapa-II_300x205-bez-krytu-800x1067.jpg 800w, https:\/\/likuhas.cz\/wp-content\/uploads\/2021\/12\/Na-Drac\u030cka\u0301ch-etapa-II_300x205-bez-krytu-1200x1600.jpg 1200w, https:\/\/likuhas.cz\/wp-content\/uploads\/2021\/12\/Na-Drac\u030cka\u0301ch-etapa-II_300x205-bez-krytu-scaled.jpg 1920w\" sizes=\"(min-width: 2200px) 100vw, (min-width: 856px) 346px, (min-width: 784px) 462px, (min-width: 712px) 693px, (min-width: 640px) 712px, \" \/><\/a><\/div><\/div><div style=\"padding:5px;\" class=\"fusion-grid-column fusion-gallery-column fusion-gallery-column-4 hover-type-none\"><div class=\"fusion-gallery-image\"><a href=\"https:\/\/likuhas.cz\/wp-content\/uploads\/2021\/12\/Na-Drac\u030cka\u0301ch-etapa-II_300x205-detail-nad-dver\u030cmi-bez-krytu-scaled.jpg\" rel=\"noreferrer\" data-rel=\"iLightbox[gallery_image_1]\" class=\"fusion-lightbox\" target=\"_self\"><img decoding=\"async\" src=\"https:\/\/likuhas.cz\/wp-content\/uploads\/2021\/12\/Na-Drac\u030cka\u0301ch-etapa-II_300x205-detail-nad-dver\u030cmi-bez-krytu-scaled.jpg\" width=\"2560\" height=\"1920\" alt=\"\" title=\"Na Drac\u030cka\u0301ch etapa II_300x205 detail nad dver\u030cmi bez krytu\" aria-label=\"Na Drac\u030cka\u0301ch etapa II_300x205 detail nad dver\u030cmi bez krytu\" class=\"img-responsive wp-image-368\" srcset=\"https:\/\/likuhas.cz\/wp-content\/uploads\/2021\/12\/Na-Drac\u030cka\u0301ch-etapa-II_300x205-detail-nad-dver\u030cmi-bez-krytu-200x150.jpg 200w, https:\/\/likuhas.cz\/wp-content\/uploads\/2021\/12\/Na-Drac\u030cka\u0301ch-etapa-II_300x205-detail-nad-dver\u030cmi-bez-krytu-400x300.jpg 400w, https:\/\/likuhas.cz\/wp-content\/uploads\/2021\/12\/Na-Drac\u030cka\u0301ch-etapa-II_300x205-detail-nad-dver\u030cmi-bez-krytu-600x450.jpg 600w, https:\/\/likuhas.cz\/wp-content\/uploads\/2021\/12\/Na-Drac\u030cka\u0301ch-etapa-II_300x205-detail-nad-dver\u030cmi-bez-krytu-800x600.jpg 800w, https:\/\/likuhas.cz\/wp-content\/uploads\/2021\/12\/Na-Drac\u030cka\u0301ch-etapa-II_300x205-detail-nad-dver\u030cmi-bez-krytu-1200x900.jpg 1200w, https:\/\/likuhas.cz\/wp-content\/uploads\/2021\/12\/Na-Drac\u030cka\u0301ch-etapa-II_300x205-detail-nad-dver\u030cmi-bez-krytu-scaled.jpg 2560w\" sizes=\"(min-width: 2200px) 100vw, (min-width: 856px) 346px, (min-width: 784px) 462px, (min-width: 712px) 693px, (min-width: 640px) 712px, \" \/><\/a><\/div><\/div><\/div><\/div><\/div><\/div><\/div><\/div>\n","protected":false},"excerpt":{"rendered":"","protected":false},"author":3,"featured_media":0,"parent":0,"menu_order":0,"comment_status":"closed","ping_status":"closed","template":"","meta":{"wp_mapbox_gl_js_media":[],"footnotes":""},"class_list":["post-594","page","type-page","status-publish","hentry"],"yoast_head":"<!-- This site is optimized with the Yoast SEO plugin v23.3 - https:\/\/yoast.com\/wordpress\/plugins\/seo\/ -->\n<title>Installation example - Likuhas s.r.o.<\/title>\n<meta name=\"robots\" content=\"index, follow, max-snippet:-1, max-image-preview:large, max-video-preview:-1\" \/>\n<link rel=\"canonical\" href=\"https:\/\/likuhas.cz\/en\/installation-example\/\" \/>\n<meta property=\"og:locale\" content=\"en_US\" \/>\n<meta property=\"og:type\" content=\"article\" \/>\n<meta property=\"og:title\" content=\"Installation example - Likuhas s.r.o.\" \/>\n<meta property=\"og:url\" content=\"https:\/\/likuhas.cz\/en\/installation-example\/\" \/>\n<meta property=\"og:site_name\" content=\"Likuhas s.r.o.\" \/>\n<meta property=\"article:modified_time\" content=\"2025-02-18T07:28:01+00:00\" \/>\n<meta name=\"twitter:card\" content=\"summary_large_image\" \/>\n<meta name=\"twitter:label1\" content=\"Est. reading time\" \/>\n\t<meta name=\"twitter:data1\" content=\"2 minutes\" \/>\n<script type=\"application\/ld+json\" class=\"yoast-schema-graph\">{\"@context\":\"https:\/\/schema.org\",\"@graph\":[{\"@type\":\"WebPage\",\"@id\":\"https:\/\/likuhas.cz\/en\/installation-example\/\",\"url\":\"https:\/\/likuhas.cz\/en\/installation-example\/\",\"name\":\"Installation example - Likuhas s.r.o.\",\"isPartOf\":{\"@id\":\"https:\/\/likuhas.cz\/#website\"},\"datePublished\":\"2024-10-21T06:55:48+00:00\",\"dateModified\":\"2025-02-18T07:28:01+00:00\",\"breadcrumb\":{\"@id\":\"https:\/\/likuhas.cz\/en\/installation-example\/#breadcrumb\"},\"inLanguage\":\"en-US\",\"potentialAction\":[{\"@type\":\"ReadAction\",\"target\":[\"https:\/\/likuhas.cz\/en\/installation-example\/\"]}]},{\"@type\":\"BreadcrumbList\",\"@id\":\"https:\/\/likuhas.cz\/en\/installation-example\/#breadcrumb\",\"itemListElement\":[{\"@type\":\"ListItem\",\"position\":1,\"name\":\"Dom\u016f\",\"item\":\"https:\/\/likuhas.cz\/en\/\"},{\"@type\":\"ListItem\",\"position\":2,\"name\":\"Installation example\"}]},{\"@type\":\"WebSite\",\"@id\":\"https:\/\/likuhas.cz\/#website\",\"url\":\"https:\/\/likuhas.cz\/\",\"name\":\"Likuhas s.r.o.\",\"description\":\"Po\u017e\u00e1rn\u00ed bezpe\u010dnost staveb - kovov\u00fdroba\",\"publisher\":{\"@id\":\"https:\/\/likuhas.cz\/#organization\"},\"potentialAction\":[{\"@type\":\"SearchAction\",\"target\":{\"@type\":\"EntryPoint\",\"urlTemplate\":\"https:\/\/likuhas.cz\/?s={search_term_string}\"},\"query-input\":\"required name=search_term_string\"}],\"inLanguage\":\"en-US\"},{\"@type\":\"Organization\",\"@id\":\"https:\/\/likuhas.cz\/#organization\",\"name\":\"Likuhas s.r.o.\",\"url\":\"https:\/\/likuhas.cz\/\",\"logo\":{\"@type\":\"ImageObject\",\"inLanguage\":\"en-US\",\"@id\":\"https:\/\/likuhas.cz\/#\/schema\/logo\/image\/\",\"url\":\"http:\/\/likuhas.cz\/wp-content\/uploads\/2021\/07\/1-logo.png\",\"contentUrl\":\"http:\/\/likuhas.cz\/wp-content\/uploads\/2021\/07\/1-logo.png\",\"width\":376,\"height\":68,\"caption\":\"Likuhas s.r.o.\"},\"image\":{\"@id\":\"https:\/\/likuhas.cz\/#\/schema\/logo\/image\/\"}}]}<\/script>\n<!-- \/ Yoast SEO plugin. -->","yoast_head_json":{"title":"Installation example - Likuhas s.r.o.","robots":{"index":"index","follow":"follow","max-snippet":"max-snippet:-1","max-image-preview":"max-image-preview:large","max-video-preview":"max-video-preview:-1"},"canonical":"https:\/\/likuhas.cz\/en\/installation-example\/","og_locale":"en_US","og_type":"article","og_title":"Installation example - Likuhas s.r.o.","og_url":"https:\/\/likuhas.cz\/en\/installation-example\/","og_site_name":"Likuhas s.r.o.","article_modified_time":"2025-02-18T07:28:01+00:00","twitter_card":"summary_large_image","twitter_misc":{"Est. reading time":"2 minutes"},"schema":{"@context":"https:\/\/schema.org","@graph":[{"@type":"WebPage","@id":"https:\/\/likuhas.cz\/en\/installation-example\/","url":"https:\/\/likuhas.cz\/en\/installation-example\/","name":"Installation example - Likuhas s.r.o.","isPartOf":{"@id":"https:\/\/likuhas.cz\/#website"},"datePublished":"2024-10-21T06:55:48+00:00","dateModified":"2025-02-18T07:28:01+00:00","breadcrumb":{"@id":"https:\/\/likuhas.cz\/en\/installation-example\/#breadcrumb"},"inLanguage":"en-US","potentialAction":[{"@type":"ReadAction","target":["https:\/\/likuhas.cz\/en\/installation-example\/"]}]},{"@type":"BreadcrumbList","@id":"https:\/\/likuhas.cz\/en\/installation-example\/#breadcrumb","itemListElement":[{"@type":"ListItem","position":1,"name":"Dom\u016f","item":"https:\/\/likuhas.cz\/en\/"},{"@type":"ListItem","position":2,"name":"Installation example"}]},{"@type":"WebSite","@id":"https:\/\/likuhas.cz\/#website","url":"https:\/\/likuhas.cz\/","name":"Likuhas s.r.o.","description":"Po\u017e\u00e1rn\u00ed bezpe\u010dnost staveb - kovov\u00fdroba","publisher":{"@id":"https:\/\/likuhas.cz\/#organization"},"potentialAction":[{"@type":"SearchAction","target":{"@type":"EntryPoint","urlTemplate":"https:\/\/likuhas.cz\/?s={search_term_string}"},"query-input":"required name=search_term_string"}],"inLanguage":"en-US"},{"@type":"Organization","@id":"https:\/\/likuhas.cz\/#organization","name":"Likuhas s.r.o.","url":"https:\/\/likuhas.cz\/","logo":{"@type":"ImageObject","inLanguage":"en-US","@id":"https:\/\/likuhas.cz\/#\/schema\/logo\/image\/","url":"http:\/\/likuhas.cz\/wp-content\/uploads\/2021\/07\/1-logo.png","contentUrl":"http:\/\/likuhas.cz\/wp-content\/uploads\/2021\/07\/1-logo.png","width":376,"height":68,"caption":"Likuhas s.r.o."},"image":{"@id":"https:\/\/likuhas.cz\/#\/schema\/logo\/image\/"}}]}},"_links":{"self":[{"href":"https:\/\/likuhas.cz\/en\/wp-json\/wp\/v2\/pages\/594"}],"collection":[{"href":"https:\/\/likuhas.cz\/en\/wp-json\/wp\/v2\/pages"}],"about":[{"href":"https:\/\/likuhas.cz\/en\/wp-json\/wp\/v2\/types\/page"}],"author":[{"embeddable":true,"href":"https:\/\/likuhas.cz\/en\/wp-json\/wp\/v2\/users\/3"}],"replies":[{"embeddable":true,"href":"https:\/\/likuhas.cz\/en\/wp-json\/wp\/v2\/comments?post=594"}],"version-history":[{"count":1,"href":"https:\/\/likuhas.cz\/en\/wp-json\/wp\/v2\/pages\/594\/revisions"}],"predecessor-version":[{"id":595,"href":"https:\/\/likuhas.cz\/en\/wp-json\/wp\/v2\/pages\/594\/revisions\/595"}],"wp:attachment":[{"href":"https:\/\/likuhas.cz\/en\/wp-json\/wp\/v2\/media?parent=594"}],"curies":[{"name":"wp","href":"https:\/\/api.w.org\/{rel}","templated":true}]}}